{"id":36,"date":"2025-01-12T16:21:53","date_gmt":"2025-01-12T16:21:53","guid":{"rendered":"https:\/\/www.cresiventures.com\/?page_id=36"},"modified":"2025-10-14T11:18:12","modified_gmt":"2025-10-14T11:18:12","slug":"services","status":"publish","type":"page","link":"https:\/\/www.cresiventures.com\/fr\/services\/","title":{"rendered":"Services"},"content":{"rendered":"","protected":false},"excerpt":{"rendered":"","protected":false},"author":1,"featured_media":0,"parent":0,"menu_order":0,"comment_status":"closed","ping_status":"closed","template":"","meta":{"slim_seo":{"description":"Avec une approche ax\u00e9e sur la pr\u00e9voyance strat\u00e9gique, la collaboration et l\u2019innovation, nous proposons des services complets dans plusieurs secteurs, notamment l\u2019immobilier, les startups et les solutions de conseil.","title":"Services - Cresi Ventures \u2013 Advisory Firm &amp; Real Estate"},"footnotes":""},"class_list":["post-36","page","type-page","status-publish","hentry"],"_links":{"self":[{"href":"https:\/\/www.cresiventures.com\/fr\/wp-json\/wp\/v2\/pages\/36","targetHints":{"allow":["GET"]}}],"collection":[{"href":"https:\/\/www.cresiventures.com\/fr\/wp-json\/wp\/v2\/pages"}],"about":[{"href":"https:\/\/www.cresiventures.com\/fr\/wp-json\/wp\/v2\/types\/page"}],"author":[{"embeddable":true,"href":"https:\/\/www.cresiventures.com\/fr\/wp-json\/wp\/v2\/users\/1"}],"replies":[{"embeddable":true,"href":"https:\/\/www.cresiventures.com\/fr\/wp-json\/wp\/v2\/comments?post=36"}],"version-history":[{"count":3,"href":"https:\/\/www.cresiventures.com\/fr\/wp-json\/wp\/v2\/pages\/36\/revisions"}],"predecessor-version":[{"id":106,"href":"https:\/\/www.cresiventures.com\/fr\/wp-json\/wp\/v2\/pages\/36\/revisions\/106"}],"wp:attachment":[{"href":"https:\/\/www.cresiventures.com\/fr\/wp-json\/wp\/v2\/media?parent=36"}],"curies":[{"name":"wp","href":"https:\/\/api.w.org\/{rel}","templated":true}]}}