{"id":34,"date":"2025-01-12T16:21:49","date_gmt":"2025-01-12T16:21:49","guid":{"rendered":"https:\/\/www.cresiventures.com\/?page_id=34"},"modified":"2025-10-14T11:18:07","modified_gmt":"2025-10-14T11:18:07","slug":"contactez-nous","status":"publish","type":"page","link":"https:\/\/www.cresiventures.com\/fr\/contactez-nous\/","title":{"rendered":"Contactez-nous"},"content":{"rendered":"","protected":false},"excerpt":{"rendered":"","protected":false},"author":1,"featured_media":0,"parent":0,"menu_order":0,"comment_status":"closed","ping_status":"closed","template":"","meta":{"slim_seo":{"title":"Contactez-nous - Cresi Ventures \u2013 Advisory Firm &amp; Real Estate","description":"Contactez-nous d\u00e8s aujourd\u2019hui pour d\u00e9couvrir comment Cresi Ventures peut apporter de la valeur \u00e0 votre entreprise ou \u00e0 votre projet. Nous avons h\u00e2te de vous aider \u00e0 atteindre vos objectifs."},"footnotes":""},"class_list":["post-34","page","type-page","status-publish","hentry"],"_links":{"self":[{"href":"https:\/\/www.cresiventures.com\/fr\/wp-json\/wp\/v2\/pages\/34","targetHints":{"allow":["GET"]}}],"collection":[{"href":"https:\/\/www.cresiventures.com\/fr\/wp-json\/wp\/v2\/pages"}],"about":[{"href":"https:\/\/www.cresiventures.com\/fr\/wp-json\/wp\/v2\/types\/page"}],"author":[{"embeddable":true,"href":"https:\/\/www.cresiventures.com\/fr\/wp-json\/wp\/v2\/users\/1"}],"replies":[{"embeddable":true,"href":"https:\/\/www.cresiventures.com\/fr\/wp-json\/wp\/v2\/comments?post=34"}],"version-history":[{"count":2,"href":"https:\/\/www.cresiventures.com\/fr\/wp-json\/wp\/v2\/pages\/34\/revisions"}],"predecessor-version":[{"id":81,"href":"https:\/\/www.cresiventures.com\/fr\/wp-json\/wp\/v2\/pages\/34\/revisions\/81"}],"wp:attachment":[{"href":"https:\/\/www.cresiventures.com\/fr\/wp-json\/wp\/v2\/media?parent=34"}],"curies":[{"name":"wp","href":"https:\/\/api.w.org\/{rel}","templated":true}]}}