{"id":32,"date":"2025-01-12T16:21:42","date_gmt":"2025-01-12T16:21:42","guid":{"rendered":"https:\/\/www.cresiventures.com\/?page_id=32"},"modified":"2025-10-14T11:17:31","modified_gmt":"2025-10-14T11:17:31","slug":"uber-uns","status":"publish","type":"page","link":"https:\/\/www.cresiventures.com\/de\/uber-uns\/","title":{"rendered":"\u00dcber uns"},"content":{"rendered":"","protected":false},"excerpt":{"rendered":"","protected":false},"author":1,"featured_media":0,"parent":0,"menu_order":0,"comment_status":"closed","ping_status":"closed","template":"","meta":{"slim_seo":{"title":"\u00dcber uns - Cresi Ventures \u2013 Advisory Firm &amp; Real Estate","description":"Im Kern unseres Erfolgs steht ein internationales Team, das sechs Sprachen flie\u00dfend beherrscht und durch seine multikulturelle Perspektive in der Lage ist, sich an unterschiedliche M\u00e4rkte und Kundenbed\u00fcrfnisse anzupassen."},"footnotes":""},"class_list":["post-32","page","type-page","status-publish","hentry"],"_links":{"self":[{"href":"https:\/\/www.cresiventures.com\/de\/wp-json\/wp\/v2\/pages\/32","targetHints":{"allow":["GET"]}}],"collection":[{"href":"https:\/\/www.cresiventures.com\/de\/wp-json\/wp\/v2\/pages"}],"about":[{"href":"https:\/\/www.cresiventures.com\/de\/wp-json\/wp\/v2\/types\/page"}],"author":[{"embeddable":true,"href":"https:\/\/www.cresiventures.com\/de\/wp-json\/wp\/v2\/users\/1"}],"replies":[{"embeddable":true,"href":"https:\/\/www.cresiventures.com\/de\/wp-json\/wp\/v2\/comments?post=32"}],"version-history":[{"count":3,"href":"https:\/\/www.cresiventures.com\/de\/wp-json\/wp\/v2\/pages\/32\/revisions"}],"predecessor-version":[{"id":79,"href":"https:\/\/www.cresiventures.com\/de\/wp-json\/wp\/v2\/pages\/32\/revisions\/79"}],"wp:attachment":[{"href":"https:\/\/www.cresiventures.com\/de\/wp-json\/wp\/v2\/media?parent=32"}],"curies":[{"name":"wp","href":"https:\/\/api.w.org\/{rel}","templated":true}]}}